{"id":39891,"date":"2018-07-17T14:12:23","date_gmt":"2018-07-17T12:12:23","guid":{"rendered":"https:\/\/iqri.org\/kontakt\/"},"modified":"2026-02-05T08:36:52","modified_gmt":"2026-02-05T07:36:52","slug":"kontakt","status":"publish","type":"page","link":"https:\/\/iqri.org\/de\/kontakt\/","title":{"rendered":"Kontakt"},"content":{"rendered":"\t\t<div data-elementor-type=\"wp-post\" data-elementor-id=\"39891\" class=\"elementor elementor-39891 elementor-28863\" data-elementor-post-type=\"page\">\n\t\t\t\t<div class=\"elementor-element elementor-element-97a1bb5 e-flex e-con-boxed e-con e-parent\" data-id=\"97a1bb5\" data-element_type=\"container\" data-e-type=\"container\">\n\t\t\t\t\t<div class=\"e-con-inner\">\n\t\t<div class=\"elementor-element elementor-element-2af848d e-con-full e-flex e-con e-child\" data-id=\"2af848d\" data-element_type=\"container\" data-e-type=\"container\">\n\t\t\t\t<div class=\"elementor-element elementor-element-42de0f1 elementor-widget elementor-widget-heading\" data-id=\"42de0f1\" data-element_type=\"widget\" data-e-type=\"widget\" data-widget_type=\"heading.default\">\n\t\t\t\t<div class=\"elementor-widget-container\">\n\t\t\t\t\t<h1 class=\"elementor-heading-title elementor-size-default\">Geben Sie Ihre Meinung ab<\/h1>\t\t\t\t<\/div>\n\t\t\t\t<\/div>\n\t\t\t\t<\/div>\n\t\t<div class=\"elementor-element elementor-element-7057e04 e-con-full e-flex e-con e-child\" data-id=\"7057e04\" data-element_type=\"container\" data-e-type=\"container\">\n\t\t\t\t<div class=\"elementor-element elementor-element-71c5642 elementor-widget elementor-widget-text-editor\" data-id=\"71c5642\" data-element_type=\"widget\" data-e-type=\"widget\" data-widget_type=\"text-editor.default\">\n\t\t\t\t<div class=\"elementor-widget-container\">\n\t\t\t\t\t\t\t\t\t<p>Die Autoren der auf dieser Website ver\u00f6ffentlichten Artikel behandeln oft komplexe und sensible Themen.<\/p><p> <\/p><p>Die Anmerkungen der Leser k\u00f6nnen einen n\u00fctzlichen Beitrag zu ihren \u00dcberlegungen leisten.<\/p><p> <\/p><p>Verpassen Sie es nicht, zu einer konstruktiven Debatte beizutragen, indem Sie das Kontaktformular verwenden.<\/p>\t\t\t\t\t\t\t\t<\/div>\n\t\t\t\t<\/div>\n\t\t\t\t<\/div>\n\t\t\t\t\t<\/div>\n\t\t\t\t<\/div>\n\t\t\t\t<\/div>\n\t\t","protected":false},"excerpt":{"rendered":"<p>Geben Sie Ihre Meinung ab Die Autoren der auf dieser Website ver\u00f6ffentlichten Artikel behandeln oft komplexe und sensible Themen. Die Anmerkungen der Leser k\u00f6nnen einen n\u00fctzlichen Beitrag zu ihren \u00dcberlegungen leisten. Verpassen Sie es nicht, zu einer konstruktiven Debatte beizutragen, indem Sie das Kontaktformular verwenden.<\/p>\n","protected":false},"author":1,"featured_media":0,"parent":0,"menu_order":0,"comment_status":"closed","ping_status":"closed","template":"","meta":{"_acf_changed":false,"footnotes":""},"coauthors":[46],"class_list":["post-39891","page","type-page","status-publish","hentry"],"acf":[],"yoast_head":"<!-- This site is optimized with the Yoast SEO plugin v26.8 - https:\/\/yoast.com\/product\/yoast-seo-wordpress\/ -->\n<title>Kontakt - IQRI.org<\/title>\n<meta name=\"robots\" content=\"index, follow, max-snippet:-1, max-image-preview:large, max-video-preview:-1\" \/>\n<link rel=\"canonical\" href=\"https:\/\/iqri.org\/de\/kontakt\/\" \/>\n<meta property=\"og:locale\" content=\"de_DE\" \/>\n<meta property=\"og:type\" content=\"article\" \/>\n<meta property=\"og:title\" content=\"Kontakt - IQRI.org\" \/>\n<meta property=\"og:description\" content=\"Geben Sie Ihre Meinung ab Die Autoren der auf dieser Website ver\u00f6ffentlichten Artikel behandeln oft komplexe und sensible Themen. Die Anmerkungen der Leser k\u00f6nnen einen n\u00fctzlichen Beitrag zu ihren \u00dcberlegungen leisten. Verpassen Sie es nicht, zu einer konstruktiven Debatte beizutragen, indem Sie das Kontaktformular verwenden.\" \/>\n<meta property=\"og:url\" content=\"https:\/\/iqri.org\/de\/kontakt\/\" \/>\n<meta property=\"og:site_name\" content=\"IQRI.org\" \/>\n<meta property=\"article:modified_time\" content=\"2026-02-05T07:36:52+00:00\" \/>\n<meta name=\"twitter:card\" content=\"summary_large_image\" \/>\n<meta name=\"twitter:label1\" content=\"Written by\" \/>\n\t<meta name=\"twitter:data1\" content=\"Thimoo\" \/>\n<script type=\"application\/ld+json\" class=\"yoast-schema-graph\">{\"@context\":\"https:\/\/schema.org\",\"@graph\":[{\"@type\":\"WebPage\",\"@id\":\"https:\/\/iqri.org\/de\/kontakt\/\",\"url\":\"https:\/\/iqri.org\/de\/kontakt\/\",\"name\":\"Kontakt - IQRI.org\",\"isPartOf\":{\"@id\":\"https:\/\/iqri.org\/de\/#website\"},\"datePublished\":\"2018-07-17T12:12:23+00:00\",\"dateModified\":\"2026-02-05T07:36:52+00:00\",\"breadcrumb\":{\"@id\":\"https:\/\/iqri.org\/de\/kontakt\/#breadcrumb\"},\"inLanguage\":\"de\",\"potentialAction\":[{\"@type\":\"ReadAction\",\"target\":[\"https:\/\/iqri.org\/de\/kontakt\/\"]}]},{\"@type\":\"BreadcrumbList\",\"@id\":\"https:\/\/iqri.org\/de\/kontakt\/#breadcrumb\",\"itemListElement\":[{\"@type\":\"ListItem\",\"position\":1,\"name\":\"Accueil\",\"item\":\"https:\/\/iqri.org\/de\/startseite\/\"},{\"@type\":\"ListItem\",\"position\":2,\"name\":\"Kontakt\"}]},{\"@type\":\"WebSite\",\"@id\":\"https:\/\/iqri.org\/de\/#website\",\"url\":\"https:\/\/iqri.org\/de\/\",\"name\":\"IQRI.org\",\"description\":\"Institut pour les Questions Relatives \u00e0 l\u2019Islam\",\"potentialAction\":[{\"@type\":\"SearchAction\",\"target\":{\"@type\":\"EntryPoint\",\"urlTemplate\":\"https:\/\/iqri.org\/de\/?s={search_term_string}\"},\"query-input\":{\"@type\":\"PropertyValueSpecification\",\"valueRequired\":true,\"valueName\":\"search_term_string\"}}],\"inLanguage\":\"de\"}]}<\/script>\n<!-- \/ Yoast SEO plugin. -->","yoast_head_json":{"title":"Kontakt - IQRI.org","robots":{"index":"index","follow":"follow","max-snippet":"max-snippet:-1","max-image-preview":"max-image-preview:large","max-video-preview":"max-video-preview:-1"},"canonical":"https:\/\/iqri.org\/de\/kontakt\/","og_locale":"de_DE","og_type":"article","og_title":"Kontakt - IQRI.org","og_description":"Geben Sie Ihre Meinung ab Die Autoren der auf dieser Website ver\u00f6ffentlichten Artikel behandeln oft komplexe und sensible Themen. Die Anmerkungen der Leser k\u00f6nnen einen n\u00fctzlichen Beitrag zu ihren \u00dcberlegungen leisten. Verpassen Sie es nicht, zu einer konstruktiven Debatte beizutragen, indem Sie das Kontaktformular verwenden.","og_url":"https:\/\/iqri.org\/de\/kontakt\/","og_site_name":"IQRI.org","article_modified_time":"2026-02-05T07:36:52+00:00","twitter_card":"summary_large_image","twitter_misc":{"Written by":"Thimoo"},"schema":{"@context":"https:\/\/schema.org","@graph":[{"@type":"WebPage","@id":"https:\/\/iqri.org\/de\/kontakt\/","url":"https:\/\/iqri.org\/de\/kontakt\/","name":"Kontakt - IQRI.org","isPartOf":{"@id":"https:\/\/iqri.org\/de\/#website"},"datePublished":"2018-07-17T12:12:23+00:00","dateModified":"2026-02-05T07:36:52+00:00","breadcrumb":{"@id":"https:\/\/iqri.org\/de\/kontakt\/#breadcrumb"},"inLanguage":"de","potentialAction":[{"@type":"ReadAction","target":["https:\/\/iqri.org\/de\/kontakt\/"]}]},{"@type":"BreadcrumbList","@id":"https:\/\/iqri.org\/de\/kontakt\/#breadcrumb","itemListElement":[{"@type":"ListItem","position":1,"name":"Accueil","item":"https:\/\/iqri.org\/de\/startseite\/"},{"@type":"ListItem","position":2,"name":"Kontakt"}]},{"@type":"WebSite","@id":"https:\/\/iqri.org\/de\/#website","url":"https:\/\/iqri.org\/de\/","name":"IQRI.org","description":"Institut pour les Questions Relatives \u00e0 l\u2019Islam","potentialAction":[{"@type":"SearchAction","target":{"@type":"EntryPoint","urlTemplate":"https:\/\/iqri.org\/de\/?s={search_term_string}"},"query-input":{"@type":"PropertyValueSpecification","valueRequired":true,"valueName":"search_term_string"}}],"inLanguage":"de"}]}},"_links":{"self":[{"href":"https:\/\/iqri.org\/de\/wp-json\/wp\/v2\/pages\/39891","targetHints":{"allow":["GET"]}}],"collection":[{"href":"https:\/\/iqri.org\/de\/wp-json\/wp\/v2\/pages"}],"about":[{"href":"https:\/\/iqri.org\/de\/wp-json\/wp\/v2\/types\/page"}],"author":[{"embeddable":true,"href":"https:\/\/iqri.org\/de\/wp-json\/wp\/v2\/users\/1"}],"replies":[{"embeddable":true,"href":"https:\/\/iqri.org\/de\/wp-json\/wp\/v2\/comments?post=39891"}],"version-history":[{"count":1,"href":"https:\/\/iqri.org\/de\/wp-json\/wp\/v2\/pages\/39891\/revisions"}],"predecessor-version":[{"id":39892,"href":"https:\/\/iqri.org\/de\/wp-json\/wp\/v2\/pages\/39891\/revisions\/39892"}],"wp:attachment":[{"href":"https:\/\/iqri.org\/de\/wp-json\/wp\/v2\/media?parent=39891"}],"wp:term":[{"taxonomy":"author","embeddable":true,"href":"https:\/\/iqri.org\/de\/wp-json\/wp\/v2\/coauthors?post=39891"}],"curies":[{"name":"wp","href":"https:\/\/api.w.org\/{rel}","templated":true}]}}