{"id":39878,"date":"2018-07-17T14:12:03","date_gmt":"2018-07-17T12:12:03","guid":{"rendered":"https:\/\/iqri.org\/wer-sind-wir\/"},"modified":"2026-02-05T08:35:25","modified_gmt":"2026-02-05T07:35:25","slug":"wer-sind-wir","status":"publish","type":"page","link":"https:\/\/iqri.org\/de\/wer-sind-wir\/","title":{"rendered":"Wer sind wir?"},"content":{"rendered":"\t\t<div data-elementor-type=\"wp-post\" data-elementor-id=\"39878\" class=\"elementor elementor-39878 elementor-28859\" data-elementor-post-type=\"page\">\n\t\t\t\t<div class=\"elementor-element elementor-element-80a8f71 e-flex e-con-boxed e-con e-parent\" data-id=\"80a8f71\" data-element_type=\"container\" data-e-type=\"container\">\n\t\t\t\t\t<div class=\"e-con-inner\">\n\t\t<div class=\"elementor-element elementor-element-5b634c4 e-con-full e-flex e-con e-child\" data-id=\"5b634c4\" data-element_type=\"container\" data-e-type=\"container\">\n\t\t\t\t<div class=\"elementor-element elementor-element-6641e3c elementor-widget__width-initial elementor-widget elementor-widget-heading\" data-id=\"6641e3c\" data-element_type=\"widget\" data-e-type=\"widget\" data-widget_type=\"heading.default\">\n\t\t\t\t<div class=\"elementor-widget-container\">\n\t\t\t\t\t<h2 class=\"elementor-heading-title elementor-size-default\">Wer sind wir?<\/h2>\t\t\t\t<\/div>\n\t\t\t\t<\/div>\n\t\t\t\t<\/div>\n\t\t<div class=\"elementor-element elementor-element-40aa17f e-con-full e-flex e-con e-child\" data-id=\"40aa17f\" data-element_type=\"container\" data-e-type=\"container\">\n\t\t\t\t<div class=\"elementor-element elementor-element-3d9f41c elementor-widget elementor-widget-text-editor\" data-id=\"3d9f41c\" data-element_type=\"widget\" data-e-type=\"widget\" data-widget_type=\"text-editor.default\">\n\t\t\t\t<div class=\"elementor-widget-container\">\n\t\t\t\t\t\t\t\t\t<p><strong>Das Institut f\u00fcr Islamfragen ist eine unabh\u00e4ngige Arbeitsgruppe mit zwei Zielen:<\/strong><\/p><p> <\/p><p><strong>1) die grundlegenden Lehren des Islam mit ihren religi\u00f6sen, politischen und kulturellen Auswirkungen darlegen und<\/strong><\/p><p> <\/p><p><strong>2) die \u00c4hnlichkeiten und Unterschiede zwischen den grundlegenden Texten des Islam (Koran, Hadith, Sunna) und der Bibel zu beschreiben.<\/strong><\/p><p> <\/p><p><strong>Das IQRI erkennt zwar an, dass andere Gruppen den Islam und die damit verbundenen Themen aus unterschiedlichen religi\u00f6sen oder philosophischen Perspektiven untersuchen, doch sein Ansatz basiert auf einer christlichen, evangelisch-protestantischen Perspektive.<\/strong><\/p>\t\t\t\t\t\t\t\t<\/div>\n\t\t\t\t<\/div>\n\t\t\t\t<\/div>\n\t\t\t\t\t<\/div>\n\t\t\t\t<\/div>\n\t\t\t\t<\/div>\n\t\t","protected":false},"excerpt":{"rendered":"<p>Wer sind wir? Das Institut f\u00fcr Islamfragen ist eine unabh\u00e4ngige Arbeitsgruppe mit zwei Zielen: 1) die grundlegenden Lehren des Islam mit ihren religi\u00f6sen, politischen und kulturellen Auswirkungen darlegen und 2) die \u00c4hnlichkeiten und Unterschiede zwischen den grundlegenden Texten des Islam (Koran, Hadith, Sunna) und der Bibel zu beschreiben. Das IQRI erkennt zwar an, dass andere [&hellip;]<\/p>\n","protected":false},"author":1,"featured_media":0,"parent":0,"menu_order":0,"comment_status":"closed","ping_status":"closed","template":"","meta":{"_acf_changed":false,"footnotes":""},"coauthors":[46],"class_list":["post-39878","page","type-page","status-publish","hentry"],"acf":[],"yoast_head":"<!-- This site is optimized with the Yoast SEO plugin v26.8 - https:\/\/yoast.com\/product\/yoast-seo-wordpress\/ -->\n<title>Wer sind wir? - IQRI.org<\/title>\n<meta name=\"robots\" content=\"index, follow, max-snippet:-1, max-image-preview:large, max-video-preview:-1\" \/>\n<link rel=\"canonical\" href=\"https:\/\/iqri.org\/de\/wer-sind-wir\/\" \/>\n<meta property=\"og:locale\" content=\"de_DE\" \/>\n<meta property=\"og:type\" content=\"article\" \/>\n<meta property=\"og:title\" content=\"Wer sind wir? - IQRI.org\" \/>\n<meta property=\"og:description\" content=\"Wer sind wir? Das Institut f\u00fcr Islamfragen ist eine unabh\u00e4ngige Arbeitsgruppe mit zwei Zielen: 1) die grundlegenden Lehren des Islam mit ihren religi\u00f6sen, politischen und kulturellen Auswirkungen darlegen und 2) die \u00c4hnlichkeiten und Unterschiede zwischen den grundlegenden Texten des Islam (Koran, Hadith, Sunna) und der Bibel zu beschreiben. Das IQRI erkennt zwar an, dass andere [&hellip;]\" \/>\n<meta property=\"og:url\" content=\"https:\/\/iqri.org\/de\/wer-sind-wir\/\" \/>\n<meta property=\"og:site_name\" content=\"IQRI.org\" \/>\n<meta property=\"article:modified_time\" content=\"2026-02-05T07:35:25+00:00\" \/>\n<meta name=\"twitter:card\" content=\"summary_large_image\" \/>\n<meta name=\"twitter:label1\" content=\"Written by\" \/>\n\t<meta name=\"twitter:data1\" content=\"Thimoo\" \/>\n<script type=\"application\/ld+json\" class=\"yoast-schema-graph\">{\"@context\":\"https:\/\/schema.org\",\"@graph\":[{\"@type\":\"WebPage\",\"@id\":\"https:\/\/iqri.org\/de\/wer-sind-wir\/\",\"url\":\"https:\/\/iqri.org\/de\/wer-sind-wir\/\",\"name\":\"Wer sind wir? - IQRI.org\",\"isPartOf\":{\"@id\":\"https:\/\/iqri.org\/de\/#website\"},\"datePublished\":\"2018-07-17T12:12:03+00:00\",\"dateModified\":\"2026-02-05T07:35:25+00:00\",\"breadcrumb\":{\"@id\":\"https:\/\/iqri.org\/de\/wer-sind-wir\/#breadcrumb\"},\"inLanguage\":\"de\",\"potentialAction\":[{\"@type\":\"ReadAction\",\"target\":[\"https:\/\/iqri.org\/de\/wer-sind-wir\/\"]}]},{\"@type\":\"BreadcrumbList\",\"@id\":\"https:\/\/iqri.org\/de\/wer-sind-wir\/#breadcrumb\",\"itemListElement\":[{\"@type\":\"ListItem\",\"position\":1,\"name\":\"Accueil\",\"item\":\"https:\/\/iqri.org\/de\/startseite\/\"},{\"@type\":\"ListItem\",\"position\":2,\"name\":\"Wer sind wir?\"}]},{\"@type\":\"WebSite\",\"@id\":\"https:\/\/iqri.org\/de\/#website\",\"url\":\"https:\/\/iqri.org\/de\/\",\"name\":\"IQRI.org\",\"description\":\"Institut pour les Questions Relatives \u00e0 l\u2019Islam\",\"potentialAction\":[{\"@type\":\"SearchAction\",\"target\":{\"@type\":\"EntryPoint\",\"urlTemplate\":\"https:\/\/iqri.org\/de\/?s={search_term_string}\"},\"query-input\":{\"@type\":\"PropertyValueSpecification\",\"valueRequired\":true,\"valueName\":\"search_term_string\"}}],\"inLanguage\":\"de\"}]}<\/script>\n<!-- \/ Yoast SEO plugin. -->","yoast_head_json":{"title":"Wer sind wir? - IQRI.org","robots":{"index":"index","follow":"follow","max-snippet":"max-snippet:-1","max-image-preview":"max-image-preview:large","max-video-preview":"max-video-preview:-1"},"canonical":"https:\/\/iqri.org\/de\/wer-sind-wir\/","og_locale":"de_DE","og_type":"article","og_title":"Wer sind wir? - IQRI.org","og_description":"Wer sind wir? Das Institut f\u00fcr Islamfragen ist eine unabh\u00e4ngige Arbeitsgruppe mit zwei Zielen: 1) die grundlegenden Lehren des Islam mit ihren religi\u00f6sen, politischen und kulturellen Auswirkungen darlegen und 2) die \u00c4hnlichkeiten und Unterschiede zwischen den grundlegenden Texten des Islam (Koran, Hadith, Sunna) und der Bibel zu beschreiben. Das IQRI erkennt zwar an, dass andere [&hellip;]","og_url":"https:\/\/iqri.org\/de\/wer-sind-wir\/","og_site_name":"IQRI.org","article_modified_time":"2026-02-05T07:35:25+00:00","twitter_card":"summary_large_image","twitter_misc":{"Written by":"Thimoo"},"schema":{"@context":"https:\/\/schema.org","@graph":[{"@type":"WebPage","@id":"https:\/\/iqri.org\/de\/wer-sind-wir\/","url":"https:\/\/iqri.org\/de\/wer-sind-wir\/","name":"Wer sind wir? - IQRI.org","isPartOf":{"@id":"https:\/\/iqri.org\/de\/#website"},"datePublished":"2018-07-17T12:12:03+00:00","dateModified":"2026-02-05T07:35:25+00:00","breadcrumb":{"@id":"https:\/\/iqri.org\/de\/wer-sind-wir\/#breadcrumb"},"inLanguage":"de","potentialAction":[{"@type":"ReadAction","target":["https:\/\/iqri.org\/de\/wer-sind-wir\/"]}]},{"@type":"BreadcrumbList","@id":"https:\/\/iqri.org\/de\/wer-sind-wir\/#breadcrumb","itemListElement":[{"@type":"ListItem","position":1,"name":"Accueil","item":"https:\/\/iqri.org\/de\/startseite\/"},{"@type":"ListItem","position":2,"name":"Wer sind wir?"}]},{"@type":"WebSite","@id":"https:\/\/iqri.org\/de\/#website","url":"https:\/\/iqri.org\/de\/","name":"IQRI.org","description":"Institut pour les Questions Relatives \u00e0 l\u2019Islam","potentialAction":[{"@type":"SearchAction","target":{"@type":"EntryPoint","urlTemplate":"https:\/\/iqri.org\/de\/?s={search_term_string}"},"query-input":{"@type":"PropertyValueSpecification","valueRequired":true,"valueName":"search_term_string"}}],"inLanguage":"de"}]}},"_links":{"self":[{"href":"https:\/\/iqri.org\/de\/wp-json\/wp\/v2\/pages\/39878","targetHints":{"allow":["GET"]}}],"collection":[{"href":"https:\/\/iqri.org\/de\/wp-json\/wp\/v2\/pages"}],"about":[{"href":"https:\/\/iqri.org\/de\/wp-json\/wp\/v2\/types\/page"}],"author":[{"embeddable":true,"href":"https:\/\/iqri.org\/de\/wp-json\/wp\/v2\/users\/1"}],"replies":[{"embeddable":true,"href":"https:\/\/iqri.org\/de\/wp-json\/wp\/v2\/comments?post=39878"}],"version-history":[{"count":1,"href":"https:\/\/iqri.org\/de\/wp-json\/wp\/v2\/pages\/39878\/revisions"}],"predecessor-version":[{"id":39879,"href":"https:\/\/iqri.org\/de\/wp-json\/wp\/v2\/pages\/39878\/revisions\/39879"}],"wp:attachment":[{"href":"https:\/\/iqri.org\/de\/wp-json\/wp\/v2\/media?parent=39878"}],"wp:term":[{"taxonomy":"author","embeddable":true,"href":"https:\/\/iqri.org\/de\/wp-json\/wp\/v2\/coauthors?post=39878"}],"curies":[{"name":"wp","href":"https:\/\/api.w.org\/{rel}","templated":true}]}}